{"id":210,"date":"2023-03-03T20:51:59","date_gmt":"2023-03-03T20:51:59","guid":{"rendered":"https:\/\/filosofiaysalud.com\/?page_id=210"},"modified":"2023-03-03T20:56:17","modified_gmt":"2023-03-03T20:56:17","slug":"210-2","status":"publish","type":"page","link":"https:\/\/filosofiaysalud.com\/?page_id=210","title":{"rendered":"\u00bfs\u00f3lo asma? 2"},"content":{"rendered":"<p>[et_pb_section fb_built=\u00bb1&#8243; admin_label=\u00bbHeader\u00bb _builder_version=\u00bb4.19.2&#8243; _module_preset=\u00bbdefault\u00bb custom_margin=\u00bb||-66px|||\u00bb custom_padding=\u00bb53px||54px|||\u00bb link_option_url=\u00bbhttps:\/\/filosofiaysalud.com\/porqu\u00e9\u00bb global_colors_info=\u00bb{}\u00bb theme_builder_area=\u00bbpost_content\u00bb][et_pb_row _builder_version=\u00bb4.18.0&#8243; _module_preset=\u00bbdefault\u00bb global_colors_info=\u00bb{}\u00bb theme_builder_area=\u00bbpost_content\u00bb][et_pb_column type=\u00bb4_4&#8243; _builder_version=\u00bb4.18.0&#8243; _module_preset=\u00bbdefault\u00bb global_colors_info=\u00bb{}\u00bb theme_builder_area=\u00bbpost_content\u00bb][et_pb_text _builder_version=\u00bb4.19.2&#8243; _module_preset=\u00bbd72c0383-6487-4f2c-ac5c-7d48a6376757&#8243; header_font=\u00bbKrona One|||on|||||\u00bb header_text_color=\u00bb#000000&#8243; header_font_size=\u00bb96px\u00bb header_line_height=\u00bb1.2em\u00bb z_index=\u00bb1&#8243; custom_margin_tablet=\u00bb|0%|||false|false\u00bb custom_margin_phone=\u00bb|0%|||false|false\u00bb custom_margin_last_edited=\u00bboff|desktop\u00bb header_font_size_tablet=\u00bb50px\u00bb header_font_size_phone=\u00bb30px\u00bb header_font_size_last_edited=\u00bbon|phone\u00bb locked=\u00bboff\u00bb global_colors_info=\u00bb{}\u00bb theme_builder_area=\u00bbpost_content\u00bb]<\/p>\n<h1><span style=\"font-size: xx-large;\">Cambiar la PERSPECTIVA<\/span><\/h1>\n<p>[\/et_pb_text][\/et_pb_column][\/et_pb_row][et_pb_row _builder_version=\u00bb4.19.2&#8243; _module_preset=\u00bbdefault\u00bb global_colors_info=\u00bb{}\u00bb theme_builder_area=\u00bbpost_content\u00bb][et_pb_column type=\u00bb4_4&#8243; _builder_version=\u00bb4.19.2&#8243; _module_preset=\u00bbdefault\u00bb global_colors_info=\u00bb{}\u00bb theme_builder_area=\u00bbpost_content\u00bb][et_pb_text _builder_version=\u00bb4.19.2&#8243; _module_preset=\u00bbdefault\u00bb custom_padding=\u00bb4px|||||\u00bb hover_enabled=\u00bb0&#8243; global_colors_info=\u00bb{}\u00bb theme_builder_area=\u00bbpost_content\u00bb sticky_enabled=\u00bb0&#8243;]<\/p>\n<p>Lo que se le presenta a la paciente es su empeoramiento del asma, lo pone en el <strong><em>centro<\/em><\/strong> de su atenci\u00f3n.<\/p>\n<p>D<img loading=\"lazy\" decoding=\"async\" src=\"http:\/\/filosofiaysalud.com\/wp-content\/uploads\/2023\/03\/soloasma-300x300.png\" width=\"300\" height=\"300\" alt=\"\" class=\"wp-image-301 alignright size-medium\" \/>esde m\u00ed perspectiva es lo que llamo frecuentemente \u201c<strong><em>su punto d\u00e9bil<\/em><\/strong>\u201d, pero al mismo tiempo es tambi\u00e9n su \u201d<strong><em>punto de se\u00f1al<\/em><\/strong>\u201d. Lo que le ocurra al paciente (\u00a1no s\u00f3lo los desencadenantes respiratorios!) lo vierte en su alergia y su asma ( a entender que es un paciente que no tiene otras dolencias). La paciente tambi\u00e9n refiere hinchaz\u00f3n de tobillos, una alteraci\u00f3n de la circulaci\u00f3n venosa (varices), lo que le ocasiona incluso molestias al caminar. Y tambi\u00e9n tiene cierta preocupaci\u00f3n sobre su peso, como resulta finalmente cuando saco el tema. Pero su preocupaci\u00f3n es est\u00e9tica y no tanto de malestar f\u00edsico. Como viene al alerg\u00f3logo s\u00f3lo refiere lo relacionado con su alergia y su asma. La paciente ha aprendido que para eso est\u00e1 el especialista, pero, incluso si hubiera relacionado de alg\u00fan modo el sobrepeso con su asma, es posible que no se hubiera atrevido a relatarlo. Pero esto no es lo grave. Lo preocupante es que ella misma haya aprendido a NO relacionar su sobrepeso con el asma, porque ni en su entorno, ni en relaci\u00f3n con los profesionales de la salud se tiene una conciencia adecuada para ver lo que ahora parece obvio. Con ello no quiero decir que los profesionales no conozcan la relaci\u00f3n entre peso y asma; por supuesto que es bien conocida la relaci\u00f3n obesidad-asma, pero no es lo mismo obesidad que sobrepeso, y menos los cambios de peso que sufre un individuo y que tal vez no lleguen ni a clasificarse como sobrepeso.<\/p>\n<p>Es aqu\u00ed donde postulo realmente una <strong><em>medicina individualizada<\/em><\/strong>, el conocimiento a lo largo del tiempo del apariencia f\u00edsica, debilidades y tal vez incluso, preocupaciones del paciente. El aspecto aparentemente central de su asma se queda en mi perspectiva ahora en la periferia, porque postulo que es el sobrepeso (bueno, los kilos de m\u00e1s a lo largo de los \u00faltimos meses) que influye(n) negativamente en su asma. Esto inicialmente no cambia su tratamiento con los inhaladores. Pero no me quedo satisfecho ah\u00ed: si soy capaz de convencer a la paciente de la relaci\u00f3n kilos-asma, y as\u00ed se lo digo, su preocupaci\u00f3n \u201cest\u00e9tica\u201d se vuelve una preocupaci\u00f3n \u201c de salud\u201d, un motivo m\u00e1s para intentar controlar su peso.<\/p>\n<p>Pero llegados a ese punto queda centralizada su preocupaci\u00f3n en el peso. \u00bfEs esto adecuado? D<img loading=\"lazy\" decoding=\"async\" src=\"http:\/\/filosofiaysalud.com\/wp-content\/uploads\/2023\/03\/sobrepesoyasma-300x300.png\" width=\"300\" height=\"300\" alt=\"\" class=\"wp-image-302 alignright size-medium\" \/>ir\u00eda que en parte s\u00ed, en parte no. El \u201cs\u00ed\u201d se refiere sobre todo al hecho que el asma no queda aislada en la perspectiva nueva. Porque lo que ocurrir\u00eda de otro modo ser\u00eda que s\u00f3lo se tratara el asma sin otras consideraciones de causalidad, o que la causalidad \u201calergol\u00f3gica\u201d no sea suficiente. Reconocer que el asma ha empeorado a ra\u00edz de una asociaci\u00f3n con el peso es un paso importante, pero no suficiente, dir\u00eda. Porque podr\u00edamos seguir este an\u00e1lisis de cambio de perspectiva. \u00bfPorqu\u00e9 ha aumentado el peso en esta paciente? Los estudios epidemiol\u00f3gicos apuntan a una idea general.<\/p>\n<p>Durante la pandemia ha habido un porcentaje importante de personas que han aumentado su peso corporal: he le\u00eddo y visto c\u00f3mo han cambiado las costumbres alimentarias (ver c\u00f3mo llena la gente los carros en el supermercado da pistas importantes), pero de modo general dir\u00eda que hay muchas formas de estr\u00e9s que se asocian al sobrepeso, a la obesidad o, lo que interesa aqu\u00ed: a un cambio de peso en un paciente individual. La pandemia de algo m\u00e1s de dos a\u00f1os se ha asociado con muchos factores que podr\u00edamos clasificar como estr\u00e9s no habitual, y aqu\u00ed el concepto de estr\u00e9s no es s\u00f3lo aquel de la jerga habitual y psicol\u00f3gico; el estr\u00e9s f\u00edsico por no moverse si uno habitualmente se mueve o las respuestas inmunitarias son de suma importancia: el confinamiento, la falta de ejercicio, las propias infecciones COVID, la preocupaci\u00f3n por enfermar o por familiares, las noticias, las vacunas, en fin: cada individuo ha vivido la pandemia de modo diferente, pero lo que est\u00e1 claro es que nos ha sacudido a todos de alg\u00fan modo en nuestras costumbres y debilidades (y tambi\u00e9n fortalezas, pero esto en otro lugar).<\/p>\n<p>Y esto es lo que explico a los pacientes. Yo no me veo capaz de analizar hasta el fondo las causas de estr\u00e9s en cada paciente, <img loading=\"lazy\" decoding=\"async\" src=\"http:\/\/filosofiaysalud.com\/wp-content\/uploads\/2023\/03\/Imagen1-300x300.png\" width=\"300\" height=\"300\" alt=\"\" class=\"wp-image-265 alignright size-medium\" \/>salvo que los conozca muy bien, pero a ellos les doy pistas, creo que suficientes, para que cada uno se ponga a analizar sus circunstancias y de nuevo dejar de centralizar su preocupaci\u00f3n por el peso y buscar asociaciones con aquello que ha cambiado en su vida: costumbres, relaciones sociales, y sobre todo: actitud.<\/p>\n<p>La actitud es muy importante y por ello tampoco sirve darle al paciente todo hecho y analizado. Lo ideal es dar pistas para que el paciente delibere y tome sus propias decisiones, aquellas que ir\u00e1n orientadas a reducir el nivel de estr\u00e9s o de recuperar sus ideales y modo de vida o mejor de construir su nueva normalidad, lo que repercutir\u00e1 positivamente en su peso (\u00a1no s\u00f3lo a trav\u00e9s de la alimentaci\u00f3n!) y finalmente en otras dolencias, como aquella que ha llevado a la paciente al especialista.<\/p>\n<p>[\/et_pb_text][\/et_pb_column][\/et_pb_row][\/et_pb_section][et_pb_section fb_built=\u00bb1&#8243; admin_label=\u00bbProject\u00bb _builder_version=\u00bb4.18.0&#8243; _module_preset=\u00bbdefault\u00bb global_colors_info=\u00bb{}\u00bb theme_builder_area=\u00bbpost_content\u00bb][et_pb_row column_structure=\u00bb2_3,1_3&#8243; _builder_version=\u00bb4.18.0&#8243; _module_preset=\u00bbdefault\u00bb global_colors_info=\u00bb{}\u00bb theme_builder_area=\u00bbpost_content\u00bb][et_pb_column type=\u00bb2_3&#8243; _builder_version=\u00bb4.18.0&#8243; _module_preset=\u00bbdefault\u00bb global_colors_info=\u00bb{}\u00bb theme_builder_area=\u00bbpost_content\u00bb][et_pb_text _builder_version=\u00bb4.17.6&#8243; _module_preset=\u00bb32021f09-dd67-47fb-8f9a-832b72a38baf\u00bb header_2_font=\u00bbKrona One||||||||\u00bb header_2_text_color=\u00bb#000000&#8243; header_2_font_size=\u00bb50px\u00bb header_2_line_height=\u00bb1.35em\u00bb header_2_font_size_tablet=\u00bb30px\u00bb header_2_font_size_phone=\u00bb18px\u00bb header_2_font_size_last_edited=\u00bbon|phone\u00bb locked=\u00bboff\u00bb global_colors_info=\u00bb{}\u00bb theme_builder_area=\u00bbpost_content\u00bb]<\/p>\n<h2>El proyecto<\/h2>\n<p>[\/et_pb_text][\/et_pb_column][et_pb_column type=\u00bb1_3&#8243; _builder_version=\u00bb4.18.0&#8243; _module_preset=\u00bbdefault\u00bb global_colors_info=\u00bb{}\u00bb theme_builder_area=\u00bbpost_content\u00bb][et_pb_button button_text=\u00bbProject Details\u00bb button_alignment=\u00bbright\u00bb _builder_version=\u00bb4.18.0&#8243; _module_preset=\u00bb363528df-7a78-4b8b-b056-96826b579607&#8243; custom_button=\u00bbon\u00bb button_text_size=\u00bb14px\u00bb button_text_color=\u00bb#000000&#8243; button_border_color=\u00bb#000000&#8243; button_border_radius=\u00bb0px\u00bb button_letter_spacing=\u00bb4px\u00bb button_font=\u00bbKrona One|||on|||||\u00bb custom_padding=\u00bb16px|24px|16px|24px|true|true\u00bb custom_padding_tablet=\u00bb14px|22px|14px|22px|true|true\u00bb custom_padding_phone=\u00bb12px|18px|12px|18px|true|true\u00bb custom_padding_last_edited=\u00bboff|desktop\u00bb locked=\u00bboff\u00bb global_colors_info=\u00bb{}\u00bb button_border_color__hover=\u00bbRGBA(255,255,255,0)\u00bb button_border_color__hover_enabled=\u00bboff|desktop\u00bb button_bg_color__hover=\u00bb#E1D9D7&#8243; button_bg_color__hover_enabled=\u00bboff|desktop\u00bb theme_builder_area=\u00bbpost_content\u00bb][\/et_pb_button][\/et_pb_column][\/et_pb_row][et_pb_row column_structure=\u00bb1_4,1_4,1_2&#8243; _builder_version=\u00bb4.18.0&#8243; _module_preset=\u00bbdefault\u00bb global_colors_info=\u00bb{}\u00bb theme_builder_area=\u00bbpost_content\u00bb][et_pb_column type=\u00bb1_4&#8243; _builder_version=\u00bb4.18.0&#8243; _module_preset=\u00bbdefault\u00bb global_colors_info=\u00bb{}\u00bb theme_builder_area=\u00bbpost_content\u00bb][et_pb_image src=\u00bbhttp:\/\/filosofiaysalud.com\/wp-content\/uploads\/2022\/12\/logo-MEDEVO-grande-2.jpg\u00bb title_text=\u00bblogo MEDEVO grande\u00bb url=\u00bbhttp:\/\/www.medicinayevolucion.com\u00bb url_new_window=\u00bbon\u00bb disabled_on=\u00bboff|on|off\u00bb _builder_version=\u00bb4.19.2&#8243; _module_preset=\u00bbdefault\u00bb background_color=\u00bb#000000&#8243; custom_padding=\u00bb|0px||||\u00bb border_radii=\u00bbon|15px|15px|15px|15px\u00bb border_width_all=\u00bb9px\u00bb global_colors_info=\u00bb{}\u00bb theme_builder_area=\u00bbpost_content\u00bb][\/et_pb_image][\/et_pb_column][et_pb_column type=\u00bb1_4&#8243; _builder_version=\u00bb4.18.0&#8243; _module_preset=\u00bbdefault\u00bb global_colors_info=\u00bb{}\u00bb theme_builder_area=\u00bbpost_content\u00bb][\/et_pb_column][et_pb_column type=\u00bb1_2&#8243; _builder_version=\u00bb4.18.0&#8243; _module_preset=\u00bbdefault\u00bb global_colors_info=\u00bb{}\u00bb theme_builder_area=\u00bbpost_content\u00bb][et_pb_image src=\u00bbhttp:\/\/filosofiaysalud.com\/wp-content\/uploads\/2022\/12\/Nuka.jpg\u00bb title_text=\u00bbNuka\u00bb _builder_version=\u00bb4.19.2&#8243; _module_preset=\u00bbdefault\u00bb locked=\u00bboff\u00bb global_colors_info=\u00bb{}\u00bb theme_builder_area=\u00bbpost_content\u00bb][\/et_pb_image][\/et_pb_column][\/et_pb_row][\/et_pb_section][et_pb_section fb_built=\u00bb1&#8243; admin_label=\u00bbFooter\u00bb _builder_version=\u00bb4.18.0&#8243; _module_preset=\u00bbdefault\u00bb background_color=\u00bb#FFFFFF\u00bb use_background_color_gradient=\u00bbon\u00bb background_color_gradient_direction=\u00bb0deg\u00bb background_color_gradient_stops=\u00bb#f7f2ef 76%|rgba(255,255,255,0) 76%\u00bb background_last_edited=\u00bboff|desktop\u00bb background_enable_color_tablet=\u00bboff\u00bb use_background_color_gradient_tablet=\u00bbon\u00bb background_color_gradient_stops_tablet=\u00bb#e1d9d7 80%|rgba(255,255,255,0) 80%\u00bb saved_tabs=\u00bball\u00bb locked=\u00bboff\u00bb global_colors_info=\u00bb{}\u00bb theme_builder_area=\u00bbpost_content\u00bb][et_pb_row column_structure=\u00bb1_2,1_2&#8243; _builder_version=\u00bb4.18.0&#8243; _module_preset=\u00bbdefault\u00bb custom_padding=\u00bb0px||0px||true|false\u00bb locked=\u00bboff\u00bb global_colors_info=\u00bb{}\u00bb theme_builder_area=\u00bbpost_content\u00bb][et_pb_column type=\u00bb1_2&#8243; _builder_version=\u00bb4.17.6&#8243; _module_preset=\u00bbdefault\u00bb global_colors_info=\u00bb{}\u00bb theme_builder_area=\u00bbpost_content\u00bb][et_pb_image src=\u00bbhttp:\/\/filosofiaysalud.com\/wp-content\/uploads\/2022\/12\/interior-designer-01.jpg\u00bb title_text=\u00bbinterior-designer-01&#8243; _builder_version=\u00bb4.18.0&#8243; _module_preset=\u00bbdefault\u00bb border_radii=\u00bboff|1000px|1000px||\u00bb border_width_all=\u00bb3px\u00bb border_color_all=\u00bb#2B2521&#8243; locked=\u00bboff\u00bb global_colors_info=\u00bb{}\u00bb theme_builder_area=\u00bbpost_content\u00bb][\/et_pb_image][et_pb_image src=\u00bbhttp:\/\/filosofiaysalud.com\/wp-content\/uploads\/2022\/12\/interior-designer-16.jpg\u00bb title_text=\u00bbinterior-designer-16&#8243; _builder_version=\u00bb4.18.0&#8243; _module_preset=\u00bbdefault\u00bb positioning=\u00bbabsolute\u00bb position_origin_a=\u00bbcenter_left\u00bb width=\u00bb50%\u00bb max_width_tablet=\u00bb200px\u00bb max_width_phone=\u00bb150px\u00bb max_width_last_edited=\u00bboff|desktop\u00bb custom_margin=\u00bb|||-3vw|false|false\u00bb custom_margin_tablet=\u00bb0%|||0%|false|false\u00bb custom_margin_phone=\u00bb0%|||0%|false|false\u00bb custom_margin_last_edited=\u00bboff|desktop\u00bb border_width_all=\u00bb7px\u00bb border_color_all=\u00bb#2B2521&#8243; locked=\u00bboff\u00bb global_colors_info=\u00bb{}\u00bb theme_builder_area=\u00bbpost_content\u00bb][\/et_pb_image][\/et_pb_column][et_pb_column type=\u00bb1_2&#8243; _builder_version=\u00bb4.17.6&#8243; _module_preset=\u00bbdefault\u00bb custom_padding=\u00bb60px||60px||true|false\u00bb custom_padding_tablet=\u00bb20px||20px||true|false\u00bb custom_padding_phone=\u00bb0px||0px||true|false\u00bb custom_padding_last_edited=\u00bbon|phone\u00bb global_colors_info=\u00bb{}\u00bb theme_builder_area=\u00bbpost_content\u00bb][et_pb_text _builder_version=\u00bb4.18.0&#8243; _module_preset=\u00bb7b39e609-07da-4c2d-b385-8265485d0349&#8243; header_2_font=\u00bbKrona One|||on|||||\u00bb header_2_text_color=\u00bb#000000&#8243; header_2_font_size=\u00bb100px\u00bb header_2_line_height=\u00bb1.2em\u00bb header_2_font_size_tablet=\u00bb50px\u00bb header_2_font_size_phone=\u00bb30px\u00bb header_2_font_size_last_edited=\u00bbon|phone\u00bb locked=\u00bboff\u00bb global_colors_info=\u00bb{}\u00bb theme_builder_area=\u00bbpost_content\u00bb]<\/p>\n<h2>Get in touch<\/h2>\n<p>[\/et_pb_text][et_pb_text _builder_version=\u00bb4.18.0&#8243; _module_preset=\u00bb3a5fa9a7-7987-4564-89a5-37b87a5b6ad8&#8243; header_3_font=\u00bbKrona One||||||||\u00bb header_3_font_size=\u00bb32px\u00bb header_3_line_height=\u00bb1.4em\u00bb header_3_font_size_tablet=\u00bb20px\u00bb header_3_font_size_phone=\u00bb16px\u00bb header_3_font_size_last_edited=\u00bbon|phone\u00bb global_colors_info=\u00bb{}\u00bb theme_builder_area=\u00bbpost_content\u00bb]<\/p>\n<h3><a href=\"#\">(255) 352-6258<\/a><\/h3>\n<p>[\/et_pb_text][et_pb_button button_text=\u00bbSend a Message\u00bb _builder_version=\u00bb4.18.0&#8243; _module_preset=\u00bba93bd5f4-85ca-4af8-aab9-5954042d5969&#8243; custom_button=\u00bbon\u00bb button_text_size=\u00bb14px\u00bb button_text_color=\u00bb#FFFFFF\u00bb button_bg_color=\u00bb#2B2521&#8243; button_border_width=\u00bb0px\u00bb button_border_radius=\u00bb0px\u00bb button_letter_spacing=\u00bb4px\u00bb button_font=\u00bbKrona One|||on|||||\u00bb custom_padding=\u00bb16px|24px|16px|24px|true|true\u00bb custom_padding_tablet=\u00bb16px|28px|16px|28px|true|true\u00bb custom_padding_phone=\u00bb14px|20px|14px|20px|true|true\u00bb custom_padding_last_edited=\u00bboff|desktop\u00bb button_text_size_tablet=\u00bb15px\u00bb button_text_size_phone=\u00bb14px\u00bb button_text_size_last_edited=\u00bboff|desktop\u00bb locked=\u00bboff\u00bb global_colors_info=\u00bb{}\u00bb button_text_color__hover_enabled=\u00bboff|hover\u00bb button_bg_color__hover=\u00bb#372E2B\u00bb button_bg_color__hover_enabled=\u00bboff|desktop\u00bb theme_builder_area=\u00bbpost_content\u00bb][\/et_pb_button][\/et_pb_column][\/et_pb_row][et_pb_row column_structure=\u00bb1_2,1_4,1_4&#8243; _builder_version=\u00bb4.18.0&#8243; _module_preset=\u00bbdefault\u00bb custom_margin=\u00bb60px||||false|false\u00bb global_colors_info=\u00bb{}\u00bb theme_builder_area=\u00bbpost_content\u00bb][et_pb_column type=\u00bb1_2&#8243; _builder_version=\u00bb4.17.6&#8243; _module_preset=\u00bbdefault\u00bb global_colors_info=\u00bb{}\u00bb theme_builder_area=\u00bbpost_content\u00bb][et_pb_text _builder_version=\u00bb4.17.6&#8243; _module_preset=\u00bb3a5fa9a7-7987-4564-89a5-37b87a5b6ad8&#8243; header_3_font=\u00bbKrona One||||||||\u00bb header_3_font_size=\u00bb32px\u00bb header_3_line_height=\u00bb1.4em\u00bb header_3_font_size_tablet=\u00bb20px\u00bb header_3_font_size_phone=\u00bb16px\u00bb header_3_font_size_last_edited=\u00bbon|phone\u00bb locked=\u00bboff\u00bb global_colors_info=\u00bb{}\u00bb theme_builder_area=\u00bbpost_content\u00bb]<\/p>\n<h3>Newsletter<\/h3>\n<p>[\/et_pb_text][et_pb_signup mailchimp_list=\u00bbelegantthemestest|1ea2bbd026&#8243; first_name_field=\u00bboff\u00bb last_name_field=\u00bboff\u00bb _builder_version=\u00bb4.18.0&#8243; _module_preset=\u00bbdefault\u00bb form_field_background_color=\u00bbRGBA(255,255,255,0)\u00bb form_field_text_color=\u00bb#000000&#8243; form_field_custom_padding=\u00bb|0px||0px|false|true\u00bb form_field_font=\u00bbMontserrat|500|||||||\u00bb use_background_color=\u00bboff\u00bb custom_button=\u00bbon\u00bb button_text_size=\u00bb14px\u00bb button_text_color=\u00bb#FFFFFF\u00bb button_bg_color=\u00bb#000000&#8243; button_border_width=\u00bb0px\u00bb button_border_radius=\u00bb0px\u00bb button_letter_spacing=\u00bb4px\u00bb button_font=\u00bbKrona One|||on|||||\u00bb button_custom_padding=\u00bb16px|24px|16px|24px|true|true\u00bb button_custom_padding_tablet=\u00bb16px|28px|16px|28px|true|true\u00bb button_custom_padding_phone=\u00bb14px|24px|14px|24px|true|true\u00bb button_custom_padding_last_edited=\u00bboff|desktop\u00bb background_layout=\u00bblight\u00bb button_text_size_tablet=\u00bb15px\u00bb button_text_size_phone=\u00bb14px\u00bb button_text_size_last_edited=\u00bboff|desktop\u00bb border_radii_fields=\u00bbon|0px|0px|0px|0px\u00bb border_color_all_fields=\u00bb#000000&#8243; border_width_bottom_fields=\u00bb2px\u00bb global_colors_info=\u00bb{}\u00bb button_text_color__hover_enabled=\u00bboff|hover\u00bb button_bg_color__hover_enabled=\u00bboff|desktop\u00bb button_bg_color__hover=\u00bb#372E2B\u00bb button_bg_enable_color__hover=\u00bbon\u00bb theme_builder_area=\u00bbpost_content\u00bb][\/et_pb_signup][\/et_pb_column][et_pb_column type=\u00bb1_4&#8243; _builder_version=\u00bb4.17.6&#8243; _module_preset=\u00bbdefault\u00bb global_colors_info=\u00bb{}\u00bb theme_builder_area=\u00bbpost_content\u00bb][et_pb_text _builder_version=\u00bb4.18.0&#8243; _module_preset=\u00bbaec0be99-8a53-4f75-abf2-64f29a8b4cc2&#8243; text_font=\u00bbKrona One||||||||\u00bb text_text_color=\u00bb#000000&#8243; text_font_size=\u00bb18px\u00bb text_line_height=\u00bb1.8em\u00bb link_text_color=\u00bb#000000&#8243; text_font_size_tablet=\u00bb16px\u00bb text_font_size_phone=\u00bb14px\u00bb text_font_size_last_edited=\u00bbon|phone\u00bb locked=\u00bboff\u00bb global_colors_info=\u00bb{}\u00bb theme_builder_area=\u00bbpost_content\u00bb]<a href=\"#\">Home<\/a>[\/et_pb_text][et_pb_text _builder_version=\u00bb4.18.0&#8243; _module_preset=\u00bbaec0be99-8a53-4f75-abf2-64f29a8b4cc2&#8243; text_font=\u00bbKrona One||||||||\u00bb text_text_color=\u00bb#000000&#8243; text_font_size=\u00bb18px\u00bb text_line_height=\u00bb1.8em\u00bb link_text_color=\u00bb#000000&#8243; text_font_size_tablet=\u00bb16px\u00bb text_font_size_phone=\u00bb14px\u00bb text_font_size_last_edited=\u00bbon|phone\u00bb locked=\u00bboff\u00bb global_colors_info=\u00bb{}\u00bb theme_builder_area=\u00bbpost_content\u00bb]<a href=\"#\">My story<\/a>[\/et_pb_text][et_pb_text _builder_version=\u00bb4.18.0&#8243; _module_preset=\u00bbaec0be99-8a53-4f75-abf2-64f29a8b4cc2&#8243; text_font=\u00bbKrona One||||||||\u00bb text_text_color=\u00bb#000000&#8243; text_font_size=\u00bb18px\u00bb text_line_height=\u00bb1.8em\u00bb link_text_color=\u00bb#000000&#8243; text_font_size_tablet=\u00bb16px\u00bb text_font_size_phone=\u00bb14px\u00bb text_font_size_last_edited=\u00bbon|phone\u00bb locked=\u00bboff\u00bb global_colors_info=\u00bb{}\u00bb theme_builder_area=\u00bbpost_content\u00bb]<a href=\"#\">Resources<\/a>[\/et_pb_text][et_pb_text _builder_version=\u00bb4.18.0&#8243; _module_preset=\u00bbaec0be99-8a53-4f75-abf2-64f29a8b4cc2&#8243; text_font=\u00bbKrona One||||||||\u00bb text_text_color=\u00bb#000000&#8243; text_font_size=\u00bb18px\u00bb text_line_height=\u00bb1.8em\u00bb link_text_color=\u00bb#000000&#8243; text_font_size_tablet=\u00bb16px\u00bb text_font_size_phone=\u00bb14px\u00bb text_font_size_last_edited=\u00bbon|phone\u00bb locked=\u00bboff\u00bb global_colors_info=\u00bb{}\u00bb theme_builder_area=\u00bbpost_content\u00bb]<a href=\"#\">About<\/a>[\/et_pb_text][\/et_pb_column][et_pb_column type=\u00bb1_4&#8243; _builder_version=\u00bb4.17.6&#8243; _module_preset=\u00bbdefault\u00bb global_colors_info=\u00bb{}\u00bb theme_builder_area=\u00bbpost_content\u00bb][et_pb_text _builder_version=\u00bb4.18.0&#8243; _module_preset=\u00bbaec0be99-8a53-4f75-abf2-64f29a8b4cc2&#8243; text_font=\u00bbKrona One||||||||\u00bb text_text_color=\u00bb#000000&#8243; text_font_size=\u00bb18px\u00bb text_line_height=\u00bb1.8em\u00bb link_text_color=\u00bb#000000&#8243; text_font_size_tablet=\u00bb16px\u00bb text_font_size_phone=\u00bb14px\u00bb text_font_size_last_edited=\u00bbon|phone\u00bb locked=\u00bboff\u00bb global_colors_info=\u00bb{}\u00bb theme_builder_area=\u00bbpost_content\u00bb]<a href=\"#\">Design<\/a>[\/et_pb_text][et_pb_text _builder_version=\u00bb4.18.0&#8243; _module_preset=\u00bbaec0be99-8a53-4f75-abf2-64f29a8b4cc2&#8243; text_font=\u00bbKrona One||||||||\u00bb text_text_color=\u00bb#000000&#8243; text_font_size=\u00bb18px\u00bb text_line_height=\u00bb1.8em\u00bb link_text_color=\u00bb#000000&#8243; text_font_size_tablet=\u00bb16px\u00bb text_font_size_phone=\u00bb14px\u00bb text_font_size_last_edited=\u00bbon|phone\u00bb locked=\u00bboff\u00bb global_colors_info=\u00bb{}\u00bb theme_builder_area=\u00bbpost_content\u00bb]<a href=\"#\">Architecture<\/a>[\/et_pb_text][et_pb_text _builder_version=\u00bb4.18.0&#8243; _module_preset=\u00bbaec0be99-8a53-4f75-abf2-64f29a8b4cc2&#8243; text_font=\u00bbKrona One||||||||\u00bb text_text_color=\u00bb#000000&#8243; text_font_size=\u00bb18px\u00bb text_line_height=\u00bb1.8em\u00bb link_text_color=\u00bb#000000&#8243; text_font_size_tablet=\u00bb16px\u00bb text_font_size_phone=\u00bb14px\u00bb text_font_size_last_edited=\u00bbon|phone\u00bb locked=\u00bboff\u00bb global_colors_info=\u00bb{}\u00bb theme_builder_area=\u00bbpost_content\u00bb]<a href=\"#\">Resume<\/a>[\/et_pb_text][et_pb_text _builder_version=\u00bb4.18.0&#8243; _module_preset=\u00bbaec0be99-8a53-4f75-abf2-64f29a8b4cc2&#8243; text_font=\u00bbKrona One||||||||\u00bb text_text_color=\u00bb#000000&#8243; text_font_size=\u00bb18px\u00bb text_line_height=\u00bb1.8em\u00bb link_text_color=\u00bb#000000&#8243; text_font_size_tablet=\u00bb16px\u00bb text_font_size_phone=\u00bb14px\u00bb text_font_size_last_edited=\u00bbon|phone\u00bb locked=\u00bboff\u00bb global_colors_info=\u00bb{}\u00bb theme_builder_area=\u00bbpost_content\u00bb]<a href=\"#\">Gallery<\/a>[\/et_pb_text][\/et_pb_column][\/et_pb_row][\/et_pb_section]<\/p>\n","protected":false},"excerpt":{"rendered":"<p>Cambiar la PERSPECTIVALo que se le presenta a la paciente es su empeoramiento del asma, lo pone en el centro de su atenci\u00f3n. Desde m\u00ed perspectiva es lo que llamo frecuentemente \u201csu punto d\u00e9bil\u201d, pero al mismo tiempo es tambi\u00e9n su \u201dpunto de se\u00f1al\u201d. Lo que le ocurra al paciente (\u00a1no s\u00f3lo los desencadenantes respiratorios!) [&hellip;]<\/p>\n","protected":false},"author":1,"featured_media":0,"parent":0,"menu_order":0,"comment_status":"closed","ping_status":"closed","template":"","meta":{"_et_pb_use_builder":"on","_et_pb_old_content":"","_et_gb_content_width":"","footnotes":""},"_links":{"self":[{"href":"https:\/\/filosofiaysalud.com\/index.php?rest_route=\/wp\/v2\/pages\/210"}],"collection":[{"href":"https:\/\/filosofiaysalud.com\/index.php?rest_route=\/wp\/v2\/pages"}],"about":[{"href":"https:\/\/filosofiaysalud.com\/index.php?rest_route=\/wp\/v2\/types\/page"}],"author":[{"embeddable":true,"href":"https:\/\/filosofiaysalud.com\/index.php?rest_route=\/wp\/v2\/users\/1"}],"replies":[{"embeddable":true,"href":"https:\/\/filosofiaysalud.com\/index.php?rest_route=%2Fwp%2Fv2%2Fcomments&post=210"}],"version-history":[{"count":6,"href":"https:\/\/filosofiaysalud.com\/index.php?rest_route=\/wp\/v2\/pages\/210\/revisions"}],"predecessor-version":[{"id":320,"href":"https:\/\/filosofiaysalud.com\/index.php?rest_route=\/wp\/v2\/pages\/210\/revisions\/320"}],"wp:attachment":[{"href":"https:\/\/filosofiaysalud.com\/index.php?rest_route=%2Fwp%2Fv2%2Fmedia&parent=210"}],"curies":[{"name":"wp","href":"https:\/\/api.w.org\/{rel}","templated":true}]}}