{"id":22,"date":"2023-03-03T12:38:07","date_gmt":"2023-03-03T12:38:07","guid":{"rendered":"https:\/\/filosofiaysalud.com\/?page_id=22"},"modified":"2023-11-15T10:47:40","modified_gmt":"2023-11-15T10:47:40","slug":"porque","status":"publish","type":"page","link":"https:\/\/filosofiaysalud.com\/?page_id=22","title":{"rendered":"\u00bfPorqu\u00e9 filosof\u00eda?"},"content":{"rendered":"\n[et_pb_section fb_built=\u00bb1&#8243; admin_label=\u00bbHeader\u00bb _builder_version=\u00bb4.19.2&#8243; _module_preset=\u00bbdefault\u00bb custom_margin=\u00bb||-66px|||\u00bb custom_padding=\u00bb53px||54px|||\u00bb link_option_url=\u00bbhttps:\/\/filosofiaysalud.com\/porqu\u00e9\u00bb global_colors_info=\u00bb{}\u00bb][et_pb_row _builder_version=\u00bb4.18.0&#8243; _module_preset=\u00bbdefault\u00bb global_colors_info=\u00bb{}\u00bb][et_pb_column type=\u00bb4_4&#8243; _builder_version=\u00bb4.18.0&#8243; _module_preset=\u00bbdefault\u00bb global_colors_info=\u00bb{}\u00bb][et_pb_text _builder_version=\u00bb4.19.2&#8243; _module_preset=\u00bbd72c0383-6487-4f2c-ac5c-7d48a6376757&#8243; header_font=\u00bbKrona One|||on|||||\u00bb header_text_color=\u00bb#000000&#8243; header_font_size=\u00bb96px\u00bb header_line_height=\u00bb1.2em\u00bb z_index=\u00bb1&#8243; custom_margin_tablet=\u00bb|0%|||false|false\u00bb custom_margin_phone=\u00bb|0%|||false|false\u00bb custom_margin_last_edited=\u00bboff|desktop\u00bb header_font_size_tablet=\u00bb50px\u00bb header_font_size_phone=\u00bb30px\u00bb header_font_size_last_edited=\u00bbon|phone\u00bb locked=\u00bboff\u00bb global_colors_info=\u00bb{}\u00bb]<h1><span style=\"font-size: xx-large;\">\u00bfPorqu\u00e9 filosof\u00eda?<\/span><\/h1>[\/et_pb_text][\/et_pb_column][\/et_pb_row][et_pb_row _builder_version=\u00bb4.19.2&#8243; _module_preset=\u00bbdefault\u00bb global_colors_info=\u00bb{}\u00bb][et_pb_column type=\u00bb4_4&#8243; _builder_version=\u00bb4.19.2&#8243; _module_preset=\u00bbdefault\u00bb global_colors_info=\u00bb{}\u00bb][et_pb_text _builder_version=\u00bb4.19.2&#8243; _module_preset=\u00bbdefault\u00bb custom_padding=\u00bb4px|||||\u00bb global_colors_info=\u00bb{}\u00bb]<p><img loading=\"lazy\" decoding=\"async\" src=\"http:\/\/filosofiaysalud.com\/wp-content\/uploads\/2022\/12\/IMG_7623-300x225.jpg\" width=\"300\" height=\"225\" alt=\"\" class=\"wp-image-201 alignright size-medium\" \/><strong>Qu\u00e9 tendr\u00e1 que ver la filosof\u00eda con la salud?<\/strong><\/p>\n<p>No nos conformamos con la idea m\u00e1s inmediata e intuitiva que podr\u00eda ser \u00ab<em>tomarse algo con filosof\u00eda<\/em>\u00ab, pero nos vamos acercando.<\/p>\n<p>Pero primero debo hacer unas definiciones, porque qui\u00e9n est\u00e9 interesado en la salud, d e alg\u00fan modo lo est\u00e1 tambi\u00e9n en la medicina y as\u00ed hay que aclarar como se relacionan la salud y la medicina.<\/p>\n<p>De modo muy general podr\u00edamos decir que si hay salud, no necesitamos medicina. Pero no es tan f\u00e1cil, porque la medicina incluye tambi\u00e9n las actividades preventivas (para <em>mantener<\/em> la salud) y tambi\u00e9n al rev\u00e9s, a veces con intenci\u00f3n de hacer algo \u201csaludable\u201d debemos acudir a la medicina o incluso tomar \u00abmedicinas\u00bb.<\/p>\n<p>As\u00ed que me pongo a diferenciar lo que me parece \u00fatil para muchas de las siguientes entradas y los argumentos que elaborar\u00e9 sobre distintos temas:<\/p>[\/et_pb_text][\/et_pb_column][\/et_pb_row][\/et_pb_section][et_pb_section fb_built=\u00bb1&#8243; admin_label=\u00bbProject\u00bb _builder_version=\u00bb4.18.0&#8243; _module_preset=\u00bbdefault\u00bb global_colors_info=\u00bb{}\u00bb][et_pb_row column_structure=\u00bb2_3,1_3&#8243; _builder_version=\u00bb4.18.0&#8243; _module_preset=\u00bbdefault\u00bb global_colors_info=\u00bb{}\u00bb][et_pb_column type=\u00bb2_3&#8243; _builder_version=\u00bb4.18.0&#8243; _module_preset=\u00bbdefault\u00bb global_colors_info=\u00bb{}\u00bb][et_pb_text _builder_version=\u00bb4.17.6&#8243; _module_preset=\u00bb32021f09-dd67-47fb-8f9a-832b72a38baf\u00bb header_2_font=\u00bbKrona One||||||||\u00bb header_2_text_color=\u00bb#000000&#8243; header_2_font_size=\u00bb50px\u00bb header_2_line_height=\u00bb1.35em\u00bb header_2_font_size_tablet=\u00bb30px\u00bb header_2_font_size_phone=\u00bb18px\u00bb header_2_font_size_last_edited=\u00bbon|phone\u00bb locked=\u00bboff\u00bb global_colors_info=\u00bb{}\u00bb]<h2>El proyecto<\/h2>[\/et_pb_text][\/et_pb_column][et_pb_column type=\u00bb1_3&#8243; _builder_version=\u00bb4.18.0&#8243; _module_preset=\u00bbdefault\u00bb global_colors_info=\u00bb{}\u00bb][et_pb_button button_text=\u00bbProject Details\u00bb button_alignment=\u00bbright\u00bb _builder_version=\u00bb4.18.0&#8243; _module_preset=\u00bb363528df-7a78-4b8b-b056-96826b579607&#8243; custom_button=\u00bbon\u00bb button_text_size=\u00bb14px\u00bb button_text_color=\u00bb#000000&#8243; button_border_color=\u00bb#000000&#8243; button_border_radius=\u00bb0px\u00bb button_letter_spacing=\u00bb4px\u00bb button_font=\u00bbKrona One|||on|||||\u00bb custom_padding=\u00bb16px|24px|16px|24px|true|true\u00bb custom_padding_tablet=\u00bb14px|22px|14px|22px|true|true\u00bb custom_padding_phone=\u00bb12px|18px|12px|18px|true|true\u00bb custom_padding_last_edited=\u00bboff|desktop\u00bb locked=\u00bboff\u00bb global_colors_info=\u00bb{}\u00bb button_border_color__hover=\u00bbRGBA(255,255,255,0)\u00bb button_border_color__hover_enabled=\u00bboff|desktop\u00bb button_bg_color__hover=\u00bb#E1D9D7&#8243; button_bg_color__hover_enabled=\u00bboff|desktop\u00bb][\/et_pb_button][\/et_pb_column][\/et_pb_row][et_pb_row column_structure=\u00bb1_4,1_4,1_2&#8243; _builder_version=\u00bb4.18.0&#8243; _module_preset=\u00bbdefault\u00bb global_colors_info=\u00bb{}\u00bb][et_pb_column type=\u00bb1_4&#8243; _builder_version=\u00bb4.18.0&#8243; _module_preset=\u00bbdefault\u00bb global_colors_info=\u00bb{}\u00bb][et_pb_image src=\u00bbhttp:\/\/filosofiaysalud.com\/wp-content\/uploads\/2022\/12\/logo-MEDEVO-grande-2.jpg\u00bb title_text=\u00bblogo MEDEVO grande\u00bb url=\u00bbhttp:\/\/www.medicinayevolucion.com\u00bb url_new_window=\u00bbon\u00bb disabled_on=\u00bboff|on|off\u00bb _builder_version=\u00bb4.19.2&#8243; _module_preset=\u00bbdefault\u00bb background_color=\u00bb#000000&#8243; custom_padding=\u00bb|0px||||\u00bb border_radii=\u00bbon|15px|15px|15px|15px\u00bb border_width_all=\u00bb9px\u00bb global_colors_info=\u00bb{}\u00bb][\/et_pb_image][\/et_pb_column][et_pb_column type=\u00bb1_4&#8243; _builder_version=\u00bb4.18.0&#8243; _module_preset=\u00bbdefault\u00bb global_colors_info=\u00bb{}\u00bb][\/et_pb_column][et_pb_column type=\u00bb1_2&#8243; _builder_version=\u00bb4.18.0&#8243; _module_preset=\u00bbdefault\u00bb global_colors_info=\u00bb{}\u00bb][et_pb_image src=\u00bbhttp:\/\/filosofiaysalud.com\/wp-content\/uploads\/2022\/12\/Nuka.jpg\u00bb title_text=\u00bbNuka\u00bb _builder_version=\u00bb4.19.2&#8243; _module_preset=\u00bbdefault\u00bb locked=\u00bboff\u00bb global_colors_info=\u00bb{}\u00bb][\/et_pb_image][\/et_pb_column][\/et_pb_row][\/et_pb_section][et_pb_section fb_built=\u00bb1&#8243; admin_label=\u00bbFooter\u00bb _builder_version=\u00bb4.18.0&#8243; _module_preset=\u00bbdefault\u00bb background_color=\u00bb#FFFFFF\u00bb use_background_color_gradient=\u00bbon\u00bb background_color_gradient_direction=\u00bb0deg\u00bb background_color_gradient_stops=\u00bb#f7f2ef 76%|rgba(255,255,255,0) 76%\u00bb background_last_edited=\u00bboff|desktop\u00bb background_enable_color_tablet=\u00bboff\u00bb use_background_color_gradient_tablet=\u00bbon\u00bb background_color_gradient_stops_tablet=\u00bb#e1d9d7 80%|rgba(255,255,255,0) 80%\u00bb saved_tabs=\u00bball\u00bb locked=\u00bboff\u00bb global_colors_info=\u00bb{}\u00bb][et_pb_row column_structure=\u00bb1_2,1_2&#8243; _builder_version=\u00bb4.18.0&#8243; _module_preset=\u00bbdefault\u00bb custom_padding=\u00bb0px||0px||true|false\u00bb locked=\u00bboff\u00bb global_colors_info=\u00bb{}\u00bb][et_pb_column type=\u00bb1_2&#8243; _builder_version=\u00bb4.17.6&#8243; _module_preset=\u00bbdefault\u00bb global_colors_info=\u00bb{}\u00bb][et_pb_image src=\u00bbhttp:\/\/filosofiaysalud.com\/wp-content\/uploads\/2022\/12\/interior-designer-01.jpg\u00bb title_text=\u00bbinterior-designer-01&#8243; _builder_version=\u00bb4.18.0&#8243; _module_preset=\u00bbdefault\u00bb border_radii=\u00bboff|1000px|1000px||\u00bb border_width_all=\u00bb3px\u00bb border_color_all=\u00bb#2B2521&#8243; locked=\u00bboff\u00bb global_colors_info=\u00bb{}\u00bb][\/et_pb_image][et_pb_image src=\u00bbhttp:\/\/filosofiaysalud.com\/wp-content\/uploads\/2022\/12\/interior-designer-16.jpg\u00bb title_text=\u00bbinterior-designer-16&#8243; _builder_version=\u00bb4.18.0&#8243; _module_preset=\u00bbdefault\u00bb positioning=\u00bbabsolute\u00bb position_origin_a=\u00bbcenter_left\u00bb width=\u00bb50%\u00bb max_width_tablet=\u00bb200px\u00bb max_width_phone=\u00bb150px\u00bb max_width_last_edited=\u00bboff|desktop\u00bb custom_margin=\u00bb|||-3vw|false|false\u00bb custom_margin_tablet=\u00bb0%|||0%|false|false\u00bb custom_margin_phone=\u00bb0%|||0%|false|false\u00bb custom_margin_last_edited=\u00bboff|desktop\u00bb border_width_all=\u00bb7px\u00bb border_color_all=\u00bb#2B2521&#8243; locked=\u00bboff\u00bb global_colors_info=\u00bb{}\u00bb][\/et_pb_image][\/et_pb_column][et_pb_column type=\u00bb1_2&#8243; _builder_version=\u00bb4.17.6&#8243; _module_preset=\u00bbdefault\u00bb custom_padding=\u00bb60px||60px||true|false\u00bb custom_padding_tablet=\u00bb20px||20px||true|false\u00bb custom_padding_phone=\u00bb0px||0px||true|false\u00bb custom_padding_last_edited=\u00bbon|phone\u00bb global_colors_info=\u00bb{}\u00bb][et_pb_text _builder_version=\u00bb4.18.0&#8243; _module_preset=\u00bb7b39e609-07da-4c2d-b385-8265485d0349&#8243; header_2_font=\u00bbKrona One|||on|||||\u00bb header_2_text_color=\u00bb#000000&#8243; header_2_font_size=\u00bb100px\u00bb header_2_line_height=\u00bb1.2em\u00bb header_2_font_size_tablet=\u00bb50px\u00bb header_2_font_size_phone=\u00bb30px\u00bb header_2_font_size_last_edited=\u00bbon|phone\u00bb locked=\u00bboff\u00bb global_colors_info=\u00bb{}\u00bb]<h2>Get in touch<\/h2>[\/et_pb_text][et_pb_text _builder_version=\u00bb4.18.0&#8243; _module_preset=\u00bb3a5fa9a7-7987-4564-89a5-37b87a5b6ad8&#8243; header_3_font=\u00bbKrona One||||||||\u00bb header_3_font_size=\u00bb32px\u00bb header_3_line_height=\u00bb1.4em\u00bb header_3_font_size_tablet=\u00bb20px\u00bb header_3_font_size_phone=\u00bb16px\u00bb header_3_font_size_last_edited=\u00bbon|phone\u00bb global_colors_info=\u00bb{}\u00bb]<h3><a href=\"#\">(255) 352-6258<\/a><\/h3>[\/et_pb_text][et_pb_button button_text=\u00bbSend a Message\u00bb _builder_version=\u00bb4.18.0&#8243; _module_preset=\u00bba93bd5f4-85ca-4af8-aab9-5954042d5969&#8243; custom_button=\u00bbon\u00bb button_text_size=\u00bb14px\u00bb button_text_color=\u00bb#FFFFFF\u00bb button_bg_color=\u00bb#2B2521&#8243; button_border_width=\u00bb0px\u00bb button_border_radius=\u00bb0px\u00bb button_letter_spacing=\u00bb4px\u00bb button_font=\u00bbKrona One|||on|||||\u00bb custom_padding=\u00bb16px|24px|16px|24px|true|true\u00bb custom_padding_tablet=\u00bb16px|28px|16px|28px|true|true\u00bb custom_padding_phone=\u00bb14px|20px|14px|20px|true|true\u00bb custom_padding_last_edited=\u00bboff|desktop\u00bb button_text_size_tablet=\u00bb15px\u00bb button_text_size_phone=\u00bb14px\u00bb button_text_size_last_edited=\u00bboff|desktop\u00bb locked=\u00bboff\u00bb global_colors_info=\u00bb{}\u00bb button_text_color__hover_enabled=\u00bboff|hover\u00bb button_bg_color__hover=\u00bb#372E2B\u00bb button_bg_color__hover_enabled=\u00bboff|desktop\u00bb][\/et_pb_button][\/et_pb_column][\/et_pb_row][et_pb_row column_structure=\u00bb1_2,1_4,1_4&#8243; _builder_version=\u00bb4.18.0&#8243; _module_preset=\u00bbdefault\u00bb custom_margin=\u00bb60px||||false|false\u00bb global_colors_info=\u00bb{}\u00bb][et_pb_column type=\u00bb1_2&#8243; _builder_version=\u00bb4.17.6&#8243; _module_preset=\u00bbdefault\u00bb global_colors_info=\u00bb{}\u00bb][et_pb_text _builder_version=\u00bb4.17.6&#8243; _module_preset=\u00bb3a5fa9a7-7987-4564-89a5-37b87a5b6ad8&#8243; header_3_font=\u00bbKrona One||||||||\u00bb header_3_font_size=\u00bb32px\u00bb header_3_line_height=\u00bb1.4em\u00bb header_3_font_size_tablet=\u00bb20px\u00bb header_3_font_size_phone=\u00bb16px\u00bb header_3_font_size_last_edited=\u00bbon|phone\u00bb locked=\u00bboff\u00bb global_colors_info=\u00bb{}\u00bb]<h3>Newsletter<\/h3>[\/et_pb_text][et_pb_signup mailchimp_list=\u00bbelegantthemestest|1ea2bbd026&#8243; first_name_field=\u00bboff\u00bb last_name_field=\u00bboff\u00bb _builder_version=\u00bb4.18.0&#8243; _module_preset=\u00bbdefault\u00bb form_field_background_color=\u00bbRGBA(255,255,255,0)\u00bb form_field_text_color=\u00bb#000000&#8243; form_field_custom_padding=\u00bb|0px||0px|false|true\u00bb form_field_font=\u00bbMontserrat|500|||||||\u00bb use_background_color=\u00bboff\u00bb custom_button=\u00bbon\u00bb button_text_size=\u00bb14px\u00bb button_text_color=\u00bb#FFFFFF\u00bb button_bg_color=\u00bb#000000&#8243; button_border_width=\u00bb0px\u00bb button_border_radius=\u00bb0px\u00bb button_letter_spacing=\u00bb4px\u00bb button_font=\u00bbKrona One|||on|||||\u00bb button_custom_padding=\u00bb16px|24px|16px|24px|true|true\u00bb button_custom_padding_tablet=\u00bb16px|28px|16px|28px|true|true\u00bb button_custom_padding_phone=\u00bb14px|24px|14px|24px|true|true\u00bb button_custom_padding_last_edited=\u00bboff|desktop\u00bb background_layout=\u00bblight\u00bb button_text_size_tablet=\u00bb15px\u00bb button_text_size_phone=\u00bb14px\u00bb button_text_size_last_edited=\u00bboff|desktop\u00bb border_radii_fields=\u00bbon|0px|0px|0px|0px\u00bb border_color_all_fields=\u00bb#000000&#8243; border_width_bottom_fields=\u00bb2px\u00bb global_colors_info=\u00bb{}\u00bb button_text_color__hover_enabled=\u00bboff|hover\u00bb button_bg_color__hover_enabled=\u00bboff|desktop\u00bb button_bg_color__hover=\u00bb#372E2B\u00bb button_bg_enable_color__hover=\u00bbon\u00bb][\/et_pb_signup][\/et_pb_column][et_pb_column type=\u00bb1_4&#8243; _builder_version=\u00bb4.17.6&#8243; _module_preset=\u00bbdefault\u00bb global_colors_info=\u00bb{}\u00bb][et_pb_text _builder_version=\u00bb4.18.0&#8243; _module_preset=\u00bbaec0be99-8a53-4f75-abf2-64f29a8b4cc2&#8243; text_font=\u00bbKrona One||||||||\u00bb text_text_color=\u00bb#000000&#8243; text_font_size=\u00bb18px\u00bb text_line_height=\u00bb1.8em\u00bb link_text_color=\u00bb#000000&#8243; text_font_size_tablet=\u00bb16px\u00bb text_font_size_phone=\u00bb14px\u00bb text_font_size_last_edited=\u00bbon|phone\u00bb locked=\u00bboff\u00bb global_colors_info=\u00bb{}\u00bb]<a href=\"#\">Home<\/a>[\/et_pb_text][et_pb_text _builder_version=\u00bb4.18.0&#8243; _module_preset=\u00bbaec0be99-8a53-4f75-abf2-64f29a8b4cc2&#8243; text_font=\u00bbKrona One||||||||\u00bb text_text_color=\u00bb#000000&#8243; text_font_size=\u00bb18px\u00bb text_line_height=\u00bb1.8em\u00bb link_text_color=\u00bb#000000&#8243; text_font_size_tablet=\u00bb16px\u00bb text_font_size_phone=\u00bb14px\u00bb text_font_size_last_edited=\u00bbon|phone\u00bb locked=\u00bboff\u00bb global_colors_info=\u00bb{}\u00bb]<a href=\"#\">My story<\/a>[\/et_pb_text][et_pb_text _builder_version=\u00bb4.18.0&#8243; _module_preset=\u00bbaec0be99-8a53-4f75-abf2-64f29a8b4cc2&#8243; text_font=\u00bbKrona One||||||||\u00bb text_text_color=\u00bb#000000&#8243; text_font_size=\u00bb18px\u00bb text_line_height=\u00bb1.8em\u00bb link_text_color=\u00bb#000000&#8243; text_font_size_tablet=\u00bb16px\u00bb text_font_size_phone=\u00bb14px\u00bb text_font_size_last_edited=\u00bbon|phone\u00bb locked=\u00bboff\u00bb global_colors_info=\u00bb{}\u00bb]<a href=\"#\">Resources<\/a>[\/et_pb_text][et_pb_text _builder_version=\u00bb4.18.0&#8243; _module_preset=\u00bbaec0be99-8a53-4f75-abf2-64f29a8b4cc2&#8243; text_font=\u00bbKrona One||||||||\u00bb text_text_color=\u00bb#000000&#8243; text_font_size=\u00bb18px\u00bb text_line_height=\u00bb1.8em\u00bb link_text_color=\u00bb#000000&#8243; text_font_size_tablet=\u00bb16px\u00bb text_font_size_phone=\u00bb14px\u00bb text_font_size_last_edited=\u00bbon|phone\u00bb locked=\u00bboff\u00bb global_colors_info=\u00bb{}\u00bb]<a href=\"#\">About<\/a>[\/et_pb_text][\/et_pb_column][et_pb_column type=\u00bb1_4&#8243; _builder_version=\u00bb4.17.6&#8243; _module_preset=\u00bbdefault\u00bb global_colors_info=\u00bb{}\u00bb][et_pb_text _builder_version=\u00bb4.18.0&#8243; _module_preset=\u00bbaec0be99-8a53-4f75-abf2-64f29a8b4cc2&#8243; text_font=\u00bbKrona One||||||||\u00bb text_text_color=\u00bb#000000&#8243; text_font_size=\u00bb18px\u00bb text_line_height=\u00bb1.8em\u00bb link_text_color=\u00bb#000000&#8243; text_font_size_tablet=\u00bb16px\u00bb text_font_size_phone=\u00bb14px\u00bb text_font_size_last_edited=\u00bbon|phone\u00bb locked=\u00bboff\u00bb global_colors_info=\u00bb{}\u00bb]<a href=\"#\">Design<\/a>[\/et_pb_text][et_pb_text _builder_version=\u00bb4.18.0&#8243; _module_preset=\u00bbaec0be99-8a53-4f75-abf2-64f29a8b4cc2&#8243; text_font=\u00bbKrona One||||||||\u00bb text_text_color=\u00bb#000000&#8243; text_font_size=\u00bb18px\u00bb text_line_height=\u00bb1.8em\u00bb link_text_color=\u00bb#000000&#8243; text_font_size_tablet=\u00bb16px\u00bb text_font_size_phone=\u00bb14px\u00bb text_font_size_last_edited=\u00bbon|phone\u00bb locked=\u00bboff\u00bb global_colors_info=\u00bb{}\u00bb]<a href=\"#\">Architecture<\/a>[\/et_pb_text][et_pb_text _builder_version=\u00bb4.18.0&#8243; _module_preset=\u00bbaec0be99-8a53-4f75-abf2-64f29a8b4cc2&#8243; text_font=\u00bbKrona One||||||||\u00bb text_text_color=\u00bb#000000&#8243; text_font_size=\u00bb18px\u00bb text_line_height=\u00bb1.8em\u00bb link_text_color=\u00bb#000000&#8243; text_font_size_tablet=\u00bb16px\u00bb text_font_size_phone=\u00bb14px\u00bb text_font_size_last_edited=\u00bbon|phone\u00bb locked=\u00bboff\u00bb global_colors_info=\u00bb{}\u00bb]<a href=\"#\">Resume<\/a>[\/et_pb_text][et_pb_text _builder_version=\u00bb4.18.0&#8243; _module_preset=\u00bbaec0be99-8a53-4f75-abf2-64f29a8b4cc2&#8243; text_font=\u00bbKrona One||||||||\u00bb text_text_color=\u00bb#000000&#8243; text_font_size=\u00bb18px\u00bb text_line_height=\u00bb1.8em\u00bb link_text_color=\u00bb#000000&#8243; text_font_size_tablet=\u00bb16px\u00bb text_font_size_phone=\u00bb14px\u00bb text_font_size_last_edited=\u00bbon|phone\u00bb locked=\u00bboff\u00bb global_colors_info=\u00bb{}\u00bb]<a href=\"#\">Gallery<\/a>[\/et_pb_text][\/et_pb_column][\/et_pb_row][\/et_pb_section]\n","protected":false},"excerpt":{"rendered":"<p>\u00bfPorqu\u00e9 filosof\u00eda?Qu\u00e9 tendr\u00e1 que ver la filosof\u00eda con la salud? No nos conformamos con la idea m\u00e1s inmediata e intuitiva que podr\u00eda ser \u00abtomarse algo con filosof\u00eda\u00ab, pero nos vamos acercando. Pero primero debo hacer unas definiciones, porque qui\u00e9n est\u00e9 interesado en la salud, d e alg\u00fan modo lo est\u00e1 tambi\u00e9n en la medicina y [&hellip;]<\/p>\n","protected":false},"author":1,"featured_media":0,"parent":247,"menu_order":0,"comment_status":"closed","ping_status":"closed","template":"","meta":{"_et_pb_use_builder":"on","_et_pb_old_content":"","_et_gb_content_width":"","footnotes":""},"_links":{"self":[{"href":"https:\/\/filosofiaysalud.com\/index.php?rest_route=\/wp\/v2\/pages\/22"}],"collection":[{"href":"https:\/\/filosofiaysalud.com\/index.php?rest_route=\/wp\/v2\/pages"}],"about":[{"href":"https:\/\/filosofiaysalud.com\/index.php?rest_route=\/wp\/v2\/types\/page"}],"author":[{"embeddable":true,"href":"https:\/\/filosofiaysalud.com\/index.php?rest_route=\/wp\/v2\/users\/1"}],"replies":[{"embeddable":true,"href":"https:\/\/filosofiaysalud.com\/index.php?rest_route=%2Fwp%2Fv2%2Fcomments&post=22"}],"version-history":[{"count":20,"href":"https:\/\/filosofiaysalud.com\/index.php?rest_route=\/wp\/v2\/pages\/22\/revisions"}],"predecessor-version":[{"id":353,"href":"https:\/\/filosofiaysalud.com\/index.php?rest_route=\/wp\/v2\/pages\/22\/revisions\/353"}],"up":[{"embeddable":true,"href":"https:\/\/filosofiaysalud.com\/index.php?rest_route=\/wp\/v2\/pages\/247"}],"wp:attachment":[{"href":"https:\/\/filosofiaysalud.com\/index.php?rest_route=%2Fwp%2Fv2%2Fmedia&parent=22"}],"curies":[{"name":"wp","href":"https:\/\/api.w.org\/{rel}","templated":true}]}}